{"id":5287,"date":"2025-12-31T12:18:00","date_gmt":"2025-12-31T17:18:00","guid":{"rendered":"https:\/\/www.prestaperu.com.pe\/?page_id=5287"},"modified":"2026-03-27T17:07:50","modified_gmt":"2026-03-27T22:07:50","slug":"comunicados-2026","status":"publish","type":"page","link":"https:\/\/www.prestaperu.com.pe\/index.php\/comunicados-2026\/","title":{"rendered":"COMUNICADOS 2026"},"content":{"rendered":"\n<p class=\"has-text-align-center has-white-color has-text-color has-background has-link-color has-x-large-font-size wp-elements-3341b071f5c9b8ddd475e9719eb35cde\" style=\"background-color:#070d4c\"><strong>COMUNICADOS 2026<\/strong><\/p>\n\n\n\n<p class=\"has-text-align-center\"><\/p>\n\n\n\n<p class=\"has-text-align-center has-text-color has-link-color wp-elements-d9a2263c1b95a231db7f5053c41c453a\" style=\"color:#0a2471\"><strong>AQU\u00cd PODR\u00c1S ENTERARTE DE TODOS LOS AVISOS DE PAGOS, SUBASTAS O VENTA DE BIENES DE LA COOPERATIVA<\/strong><\/p>\n\n\n\n<p class=\"has-text-align-right has-white-color has-text-color has-background has-link-color wp-elements-4cf6661877dffaa0fa8e85ca99e14564\" style=\"background-color:#270d6f\"><strong>\u00daLTIMO COMUNICADO N\u00b0:<\/strong> 04<\/p>\n\n\n\n<h2 class=\"wp-block-heading has-text-align-center\"><\/h2>\n\n\n\n<p class=\"has-text-align-center\"><strong> <\/strong><strong>AQU\u00cd EN ESTA VENTANA TENDR\u00c1S UNA VISTA COMPLETA DE TODOS LOS COMUNICADOS Y AS\u00cd MANTENERTE SIEMPRE INFORMADO DE LAS \u00daLTIMAS NOTICIAS.<\/strong><\/p>\n\n\n\n<div style=\"height:50px\" aria-hidden=\"true\" class=\"wp-block-spacer\"><\/div>\n\n\n\n<p class=\"has-text-align-center\"><strong>_______________________________________________________<\/strong><\/p>\n\n\n\n<div style=\"height:27px\" aria-hidden=\"true\" class=\"wp-block-spacer\"><\/div>\n\n\n\n<p class=\"has-text-align-center has-text-color has-link-color wp-elements-59163fa9cca3f9dc858bae72a9fcc681\" style=\"color:#1b1573;font-size:20px\"><strong>COOPERATIVA DE AHORRO Y CR\u00c9DITO DEL PER\u00da&nbsp;LTDA. EN LIQUIDACI\u00d3N (PRESTAPERU)<\/strong><\/p>\n\n\n\n<p class=\"has-text-align-center has-text-color has-link-color wp-elements-e465e7797cfc44d8984a6ae913757eb0\" style=\"color:#1b1573;font-size:20px\"><strong>COMUNICADO N\u00ba 04-2026-PRESTAPERU-LIQ.<\/strong><\/p>\n\n\n\n<p class=\"has-text-align-center has-text-color has-link-color wp-elements-851dacb7829d43b783d7cfe296e79fcd\" style=\"color:#9c0a0a\"><strong>PR\u00d3XIMAMENTE !<\/strong><\/p>\n\n\n\n<p class=\"has-text-align-center\" style=\"font-size:18px\">Se pone en conocimiento de los socios de PRESTAPERU en Liquidaci\u00f3n y del p\u00fablico en general, que, dentro del proceso de liquidaci\u00f3n de la Cooperativa, se ha dispuesto continuar con la venta de bienes inmuebles a trav\u00e9s del Programa de Invitaci\u00f3n a Ofertar N\u00b002-2026-PRESTAPERU-LIQ. y&nbsp;Subasta P\u00fablica N\u00b0 04-2026-PRESTAPERU-LIQ., cuyas bases se adjuntan al presente Comunicado, es publicada en la p\u00e1gina web de la Cooperativa.<\/p>\n\n\n\n<p class=\"has-text-align-center\" style=\"font-size:18px\">Arequipa,&nbsp;27 de marzo del 2026<\/p>\n\n\n\n<p class=\"has-text-align-center\" style=\"font-size:18px\">Liquidadora Judicial de la Cooperativa de Ahorro y Cr\u00e9dito del Per\u00fa Ltda. en Liquidaci\u00f3n (PRESTAPERU)<\/p>\n\n\n\n<div style=\"height:26px\" aria-hidden=\"true\" class=\"wp-block-spacer\"><\/div>\n\n\n\n<div class=\"wp-block-buttons is-content-justification-center is-layout-flex wp-container-core-buttons-is-layout-16018d1d wp-block-buttons-is-layout-flex\">\n<div class=\"wp-block-button is-style-outline is-style-outline--1\"><a class=\"wp-block-button__link has-white-background-color has-text-color has-background has-link-color wp-element-button\" href=\"https:\/\/www.prestaperu.com.pe\/wp-content\/uploads\/2026\/03\/Bases-Programa-Invitacion-N\u00b002-2026-ok.pdf\" style=\"color:#10155a\" target=\"_blank\" rel=\"noreferrer noopener\"><strong>Bases Programa N\u00b002-2026<\/strong><\/a><\/div>\n\n\n\n<div class=\"wp-block-button is-style-outline is-style-outline--2\"><a class=\"wp-block-button__link has-white-background-color has-text-color has-background has-link-color wp-element-button\" href=\"https:\/\/www.prestaperu.com.pe\/wp-content\/uploads\/2026\/03\/BASES-SUBASTA-PUBLICA-N\u00b0-04-2026-ok.pdf\" style=\"color:#10155a\" target=\"_blank\" rel=\"noreferrer noopener\"><strong>Bases Subasta P\u00fablica N\u00b004<\/strong><\/a><\/div>\n<\/div>\n\n\n\n<p class=\"has-text-align-center has-text-color has-link-color wp-elements-560a2b9aabae1cc21296614f5bc65c1c\" style=\"color:#161971\"><\/p>\n\n\n\n<p class=\"has-text-align-center\"><strong>_____<\/strong>______________________________________________________<\/p>\n\n\n\n<p class=\"has-text-align-center has-text-color has-link-color has-medium-font-size wp-elements-0e1fee466680984dc109f4d30502bc23\" style=\"color:#1a1b85\"><strong>COOPERATIVA DE AHORRO Y CR\u00c9DITO DEL PER\u00da&nbsp;LTDA. EN LIQUIDACI\u00d3N (PRESTAPERU)<\/strong><\/p>\n\n\n\n<p class=\"has-text-align-center has-text-color has-link-color has-medium-font-size wp-elements-21e1c2e1bc969a22488130725e612657\" style=\"color:#1a1b85\"><strong><strong>COMUNICADO N\u00ba 03-2026-PRESTAPERU-LIQ.<\/strong><\/strong><\/p>\n\n\n\n<div style=\"height:22px\" aria-hidden=\"true\" class=\"wp-block-spacer\"><\/div>\n\n\n\n<p class=\"has-text-align-center\">Se pone en conocimiento de los acreedores que, dentro del proceso de liquidaci\u00f3n de la Cooperativa, la continuaci\u00f3n del pago de hasta S\/ 1000 soles a los acreedores de la prelaci\u00f3n B) a trav\u00e9s del SCOTIABANK.<\/p>\n\n\n\n<p>Los acreedores que se encuentren en la relaci\u00f3n adjunta deben acudir a partir del d\u00eda 13 de marzo de 2026, en forma personal, identific\u00e1ndose con su D.N.I.&nbsp;por ventanilla de cualquier agencia a nivel nacional del Scotiabank y solicitar el cheque de gerencia emitido a su nombre.<\/p>\n\n\n\n<p>Aquellos que han brindado su cuenta Scotiabank, el pago es inmediato.<\/p>\n\n\n\n<p class=\"has-text-align-center\">Reiterar al resto de acreedores (Comunicado N\u00b023-2025, 1351 acreedores sin cobrar al 17122025), acudan al Scotiabank y hacer efectivo el cobro de los cheques a su nombre, luego de lo cual, se les programar\u00e1 para el pago de hasta S\/ 1000.<\/p>\n\n\n\n<p class=\"has-text-align-center\">Arequipa,&nbsp;12 de marzo del 2026<\/p>\n\n\n\n<p class=\"has-text-align-center\">Liquidadora Judicial de la Cooperativa de Ahorro y Cr\u00e9dito del Per\u00fa Ltda. en Liquidaci\u00f3n (PRESTAPERU)<\/p>\n\n\n\n<div class=\"wp-block-buttons is-layout-flex wp-block-buttons-is-layout-flex\">\n<div class=\"wp-block-button is-style-outline is-style-outline--3\"><a class=\"wp-block-button__link has-text-color has-link-color has-text-align-center wp-element-button\" href=\"https:\/\/www.prestaperu.com.pe\/wp-content\/uploads\/2026\/03\/Tercer-grupo-de-quinta-devolucion_marzo-2026.pdf\" style=\"color:#0e1546\" target=\"_blank\" rel=\"noreferrer noopener\">Descarga el listado aqu\u00ed<\/a><\/div>\n<\/div>\n\n\n\n<div style=\"height:46px\" aria-hidden=\"true\" class=\"wp-block-spacer\"><\/div>\n\n\n\n<p class=\"has-text-align-center has-text-color has-link-color wp-elements-5cdb379383e1d70d40a4d04f224166c0\" style=\"color:#1a1885\"><strong>______________________________________________________<\/strong><\/p>\n\n\n\n<div style=\"height:35px\" aria-hidden=\"true\" class=\"wp-block-spacer\"><\/div>\n\n\n\n<p class=\"has-text-align-center has-text-color has-link-color has-medium-font-size wp-elements-0e1fee466680984dc109f4d30502bc23\" style=\"color:#1a1b85\"><strong>COOPERATIVA DE AHORRO Y CR\u00c9DITO DEL PER\u00da&nbsp;LTDA. EN LIQUIDACI\u00d3N (PRESTAPERU)<\/strong><\/p>\n\n\n\n<p class=\"has-text-align-center has-text-color has-link-color has-medium-font-size wp-elements-733856835dd1b3093c353086f663ea71\" style=\"color:#1a1b85\"><strong><strong>COMUNICADO N\u00ba 02-2026-PRESTAPERU-LIQ.<\/strong><\/strong><\/p>\n\n\n\n<div style=\"height:22px\" aria-hidden=\"true\" class=\"wp-block-spacer\"><\/div>\n\n\n\n<p class=\"has-text-align-center\">Se pone en conocimiento de los socios de PRESTAPERU en Liquidaci\u00f3n y del p\u00fablico en general, la <strong>ACLARACI\u00d3N <\/strong>de las <strong>BASES DE LA SUBASTA P\u00daBLICA N\u00b0 01-2026-<\/strong>PRESTAPERU-LIQ.<\/p>\n\n\n\n<p class=\"has-text-align-center\">La cual podr\u00e1n descargar desde el link de descarga de las bases de la referida subasta.<\/p>\n\n\n\n<p class=\"has-text-align-center\">Arequipa,&nbsp;14 de enero del 2026<\/p>\n\n\n\n<p class=\"has-text-align-center\">Liquidadora Judicial de la Cooperativa de Ahorro y Cr\u00e9dito del Per\u00fa Ltda. en Liquidaci\u00f3n (PRESTAPERU)<\/p>\n\n\n\n<div style=\"height:34px\" aria-hidden=\"true\" class=\"wp-block-spacer\"><\/div>\n\n\n\n<p class=\"has-text-align-center has-text-color has-link-color wp-elements-fc0b32f0df2bc97219e9b87041e5a82c\" style=\"color:#131870\"><strong>_____<\/strong>______________________________________________________<\/p>\n\n\n\n<p class=\"has-text-align-center has-text-color has-link-color wp-elements-f973e35ce684544dd45e7a0d7c9bfb5f\" style=\"color:#0e0c5c\"><strong>COOPERATIVA DE AHORRO Y CR\u00c9DITO DEL PER\u00da&nbsp;LTDA. EN LIQUIDACI\u00d3N (PRESTAPERU)<\/strong><\/p>\n\n\n\n<p class=\"has-text-align-center has-text-color has-link-color wp-elements-67b75942500a5dc2de4fa59b8347e872\" style=\"color:#100d69\"><strong>COMUNICADO N\u00ba 01-2026-PRESTAPERU-LIQ.<\/strong><\/p>\n\n\n\n<p class=\"has-text-align-center has-text-color has-link-color wp-elements-258c5737d41c92a896261ad29c49ef4a\" style=\"color:#8b0d0d\"><strong>YA FINALIZADAS (EN SU RESPECTIVAS FECHAS)!<\/strong><\/p>\n\n\n\n<p class=\"has-text-align-center\">Se pone en conocimiento de los socios de PRESTAPERU en Liquidaci\u00f3n y del p\u00fablico en general, que dentro del proceso de liquidaci\u00f3n de la Cooperativa, se ha dispuesto continuar con la venta de bienes inmuebles a trav\u00e9s del Programa de Invitaci\u00f3n a Ofertar N\u00b001-2026-PRESTAPERU-LIQ.,&nbsp;Subasta P\u00fablica N\u00b0 01-2026-PRESTAPERU-LIQ., Subasta P\u00fablica N\u00b0 02-2026-PRESTAPERU-LIQ. y Subasta P\u00fablica N\u00b0 03-2026-PRESTAPERU-LIQ., cuyas bases adjuntan al presente Comunicado, es publicada en la p\u00e1gina web de la Cooperativa.<\/p>\n\n\n\n<p class=\"has-text-align-center\">Arequipa,&nbsp;13 de enero del 2026<\/p>\n\n\n\n<p class=\"has-text-align-center\" style=\"font-size:18px\">Liquidadora Judicial de la Cooperativa de Ahorro y Cr\u00e9dito del Per\u00fa Ltda. en Liquidaci\u00f3n (PRESTAPERU)<\/p>\n\n\n\n<div style=\"height:34px\" aria-hidden=\"true\" class=\"wp-block-spacer\"><\/div>\n\n\n\n<div class=\"wp-block-buttons is-content-justification-center is-layout-flex wp-container-core-buttons-is-layout-16018d1d wp-block-buttons-is-layout-flex\">\n<div class=\"wp-block-button is-style-outline is-style-outline--4\"><a class=\"wp-block-button__link has-white-background-color has-text-color has-background has-link-color wp-element-button\" href=\"https:\/\/www.prestaperu.com.pe\/wp-content\/uploads\/2026\/02\/Programa-de-Invitacion-N\u00b0-01-2026-Prestaperu.pdf\" style=\"color:#10155a\" target=\"_blank\" rel=\"noreferrer noopener\"><strong>Bases Programa Inv. N\u00b001<\/strong><\/a><\/div>\n\n\n\n<div class=\"wp-block-button is-style-outline is-style-outline--5\"><a class=\"wp-block-button__link has-white-background-color has-text-color has-background has-link-color wp-element-button\" href=\"https:\/\/www.prestaperu.com.pe\/wp-content\/uploads\/2026\/01\/Subasta-Publica-N\u00b0-01-2026-Prestaperu-ACLARACION.pdf\" style=\"color:#10155a\" target=\"_blank\" rel=\"noreferrer noopener\"><strong>Bases Subasta N\u00b001<\/strong> + <strong>Aclaraci\u00f3n<\/strong><\/a><\/div>\n\n\n\n<div class=\"wp-block-button is-style-outline is-style-outline--6\"><a class=\"wp-block-button__link has-white-background-color has-text-color has-background has-link-color wp-element-button\" href=\"https:\/\/www.prestaperu.com.pe\/wp-content\/uploads\/2026\/01\/Subasta-Publica-N\u00b0-02-2026-Prestaperu.pdf\" style=\"color:#10155a\" target=\"_blank\" rel=\"noreferrer noopener\"><strong>Bases Subasta N\u00b002<\/strong><\/a><\/div>\n\n\n\n<div class=\"wp-block-button is-style-outline is-style-outline--7\"><a class=\"wp-block-button__link has-white-background-color has-text-color has-background has-link-color wp-element-button\" href=\"https:\/\/www.prestaperu.com.pe\/wp-content\/uploads\/2026\/01\/Subasta-Publica-N\u00b0-03-2026-Prestaperu.pdf\" style=\"color:#10155a\" target=\"_blank\" rel=\"noreferrer noopener\"><strong>Bases Subasta N\u00b003<\/strong><\/a><\/div>\n<\/div>\n\n\n\n<div style=\"height:14px\" aria-hidden=\"true\" class=\"wp-block-spacer\"><\/div>\n\n\n\n<div class=\"wp-block-buttons is-content-justification-center is-layout-flex wp-container-core-buttons-is-layout-16018d1d wp-block-buttons-is-layout-flex\">\n<div class=\"wp-block-button is-style-outline is-style-outline--8\"><a class=\"wp-block-button__link has-white-background-color has-text-color has-background has-link-color has-text-align-center wp-element-button\" href=\"https:\/\/www.prestaperu.com.pe\/wp-content\/uploads\/2026\/02\/AVISOS-Periodicos-Programa-Invit-N\u00b001-2026.pdf\" style=\"color:#120b55\" target=\"_blank\" rel=\"noreferrer noopener\"><strong>Avisos Peri\u00f3dicos Programa Invitaci\u00f3n N\u00b001-2026<\/strong><\/a><\/div>\n\n\n\n<div class=\"wp-block-button is-style-outline is-style-outline--9\"><a class=\"wp-block-button__link has-white-background-color has-text-color has-background has-link-color wp-element-button\" href=\"https:\/\/www.prestaperu.com.pe\/wp-content\/uploads\/2026\/02\/AVISOS-Periodicos-Subasta-Publica-N\u00b001-2026.pdf\" style=\"color:#0b095e\" target=\"_blank\" rel=\"noreferrer noopener\"><strong>Avisos Subasta N\u00b001-2026<\/strong><\/a><\/div>\n\n\n\n<div class=\"wp-block-button is-style-outline is-style-outline--10\"><a class=\"wp-block-button__link has-white-background-color has-text-color has-background has-link-color wp-element-button\" href=\"https:\/\/www.prestaperu.com.pe\/wp-content\/uploads\/2026\/02\/AVISOS-Periodicos-Subasta-Publica-N\u00b002-2026.pdf\" style=\"color:#111954\" target=\"_blank\" rel=\"noreferrer noopener\"><strong>Avisos Subasta N\u00b002-2026<\/strong><\/a><\/div>\n\n\n\n<div class=\"wp-block-button is-style-outline is-style-outline--11\"><a class=\"wp-block-button__link has-white-background-color has-text-color has-background has-link-color has-text-align-center wp-element-button\" href=\"https:\/\/www.prestaperu.com.pe\/wp-content\/uploads\/2026\/03\/AVISOS-Periodicos-Subasta-Publica-N\u00b003-2026.pdf\" style=\"color:#111954\" target=\"_blank\" rel=\"noreferrer noopener\"><strong>Avisos Subasta N\u00b003-2026<\/strong><\/a><\/div>\n<\/div>\n\n\n\n<p class=\"has-text-align-center has-text-color has-link-color wp-elements-2ed2a696bf614c86969a17b320e0a655\" style=\"color:#141c87\"><strong>__________________________________________________________________<\/strong><\/p>\n\n\n\n<div style=\"height:82px\" aria-hidden=\"true\" class=\"wp-block-spacer\"><\/div>\n\n\n\n<p class=\"has-text-align-left\"><strong><a href=\"https:\/\/www.prestaperu.com.pe\/\"><em>Regresar a la P\u00e1g. Principa<\/em>l<\/a><\/strong><\/p>\n","protected":false},"excerpt":{"rendered":"<p>COMUNICADOS 2026 AQU\u00cd PODR\u00c1S ENTERARTE DE TODOS LOS AVISOS DE PAGOS, SUBASTAS O VENTA DE BIENES DE LA COOPERATIVA \u00daLTIMO &#8230;<\/p>\n","protected":false},"author":1,"featured_media":0,"parent":0,"menu_order":0,"comment_status":"closed","ping_status":"closed","template":"","meta":{"footnotes":""},"class_list":["post-5287","page","type-page","status-publish","hentry"],"_links":{"self":[{"href":"https:\/\/www.prestaperu.com.pe\/index.php\/wp-json\/wp\/v2\/pages\/5287","targetHints":{"allow":["GET"]}}],"collection":[{"href":"https:\/\/www.prestaperu.com.pe\/index.php\/wp-json\/wp\/v2\/pages"}],"about":[{"href":"https:\/\/www.prestaperu.com.pe\/index.php\/wp-json\/wp\/v2\/types\/page"}],"author":[{"embeddable":true,"href":"https:\/\/www.prestaperu.com.pe\/index.php\/wp-json\/wp\/v2\/users\/1"}],"replies":[{"embeddable":true,"href":"https:\/\/www.prestaperu.com.pe\/index.php\/wp-json\/wp\/v2\/comments?post=5287"}],"version-history":[{"count":24,"href":"https:\/\/www.prestaperu.com.pe\/index.php\/wp-json\/wp\/v2\/pages\/5287\/revisions"}],"predecessor-version":[{"id":5636,"href":"https:\/\/www.prestaperu.com.pe\/index.php\/wp-json\/wp\/v2\/pages\/5287\/revisions\/5636"}],"wp:attachment":[{"href":"https:\/\/www.prestaperu.com.pe\/index.php\/wp-json\/wp\/v2\/media?parent=5287"}],"curies":[{"name":"wp","href":"https:\/\/api.w.org\/{rel}","templated":true}]}}